{"id":14,"date":"2020-01-10T17:28:24","date_gmt":"2020-01-10T16:28:24","guid":{"rendered":"https:\/\/herickmichaud.com\/?page_id=14"},"modified":"2020-01-16T18:30:59","modified_gmt":"2020-01-16T17:30:59","slug":"biographie","status":"publish","type":"page","link":"https:\/\/herickmichaud.com\/index.php\/biographie\/","title":{"rendered":"Biographie"},"content":{"rendered":"<div class=\"fusion-fullwidth fullwidth-box fusion-builder-row-1 nonhundred-percent-fullwidth non-hundred-percent-height-scrolling\" style=\"--awb-border-radius-top-left:0px;--awb-border-radius-top-right:0px;--awb-border-radius-bottom-right:0px;--awb-border-radius-bottom-left:0px;--awb-flex-wrap:wrap;\" ><div class=\"fusion-builder-row fusion-row\"><div class=\"fusion-layout-column fusion_builder_column fusion-builder-column-0 fusion_builder_column_1_1 1_1 fusion-one-full fusion-column-first fusion-column-last fusion-animated\" style=\"--awb-bg-size:cover;\" data-animationType=\"fadeInLeft\" data-animationDuration=\"0.3\" data-animationOffset=\"top-into-view\"><div class=\"fusion-column-wrapper fusion-column-has-shadow fusion-flex-column-wrapper-legacy\"><div class=\"fusion-text fusion-text-1\"><p>Herick Michaud est n\u00e9 le 27 septembre 1954 \u00e0 Lyon.<\/p>\n<p>Peintre autodidacte, expressionniste et figuratif, Herick Michaud d\u00e9couvre la peinture pour la premi\u00e8re fois en 1989.<br \/>\nL\u2019artiste repr\u00e9sente le plus souvent des f\u00eates foraines, des marins, des bars et tout ce qui anime les formes, harmonise les couleurs et fait chanter la vie.<br \/>\nTout simplement.<br \/>\nEt m\u00eame si une influence de Chagall et de Raoul Dufy se d\u00e9gage de son travail, il demeure unique et ne s\u2019inscrit dans aucun courant pictural contemporain.<br \/>\nHerick Michaud expose pour la premi\u00e8re fois \u00e0 Lyon en 1992.<br \/>\nEnsuite, c\u2019est \u00e0 Deauville, Honfleur, Paris, Cognac, la Baule et Saint-Martin-de-R\u00e9. On le d\u00e9couvre \u00e9galement en Martinique, en Espagne et en Grande-Bretagne &#8230;<br \/>\nIl participe \u00e0 des expositions collectives comme celles du Salon des ind\u00e9pendants au Grand Palais \u00e0 Paris et au Salon international des arts plastiques en 1993 o\u00f9 il est consid\u00e9r\u00e9 comme \u00e9tant la r\u00e9v\u00e9lation. L\u2019espace Cardin \u00e0 Paris pr\u00e9sente \u00e9galement une grande partie de ses oeuvres.<br \/>\nDe 1990 et 1992 Herick Michaud expose en permanence aux galeries Bouclin \u00e0 Rouen, La Caverne des Arts \u00e0 Chantilly, l\u2019 Entre-Temps \u00e0 Bourges, Imagine \u00e0 Bordeaux et enfin aux P\u00f4les \u00e0 Antony. Il est \u00e9galement pr\u00e9sent dans de nombreuses collections priv\u00e9es en France comme \u00e0 l\u2019\u00e9tranger.<br \/>\nIl participe \u00e0 des salons parisiens tels que l\u2019International des Arts Plastiques \u00e0 l\u2019Espace Cardin en 1993 et \u00e0 celui des Ind\u00e9pendants et du Grand Palais.<br \/>\nHerick Michaud re\u00e7oit le 29\u00e8me Grand Prix de la peinture \u00e0 Cannes en 1993 et en 1994, celui de Ren\u00e9 Borel \u00e0 Deauville. L\u2019artiste est cot\u00e9 DROUOT.<\/p>\n<\/div><div class=\"fusion-clearfix\"><\/div><\/div><\/div><\/div><\/div>\n","protected":false},"excerpt":{"rendered":"","protected":false},"author":1,"featured_media":0,"parent":0,"menu_order":0,"comment_status":"closed","ping_status":"closed","template":"","meta":{"footnotes":""},"_links":{"self":[{"href":"https:\/\/herickmichaud.com\/index.php\/wp-json\/wp\/v2\/pages\/14"}],"collection":[{"href":"https:\/\/herickmichaud.com\/index.php\/wp-json\/wp\/v2\/pages"}],"about":[{"href":"https:\/\/herickmichaud.com\/index.php\/wp-json\/wp\/v2\/types\/page"}],"author":[{"embeddable":true,"href":"https:\/\/herickmichaud.com\/index.php\/wp-json\/wp\/v2\/users\/1"}],"replies":[{"embeddable":true,"href":"https:\/\/herickmichaud.com\/index.php\/wp-json\/wp\/v2\/comments?post=14"}],"version-history":[{"count":5,"href":"https:\/\/herickmichaud.com\/index.php\/wp-json\/wp\/v2\/pages\/14\/revisions"}],"predecessor-version":[{"id":73,"href":"https:\/\/herickmichaud.com\/index.php\/wp-json\/wp\/v2\/pages\/14\/revisions\/73"}],"wp:attachment":[{"href":"https:\/\/herickmichaud.com\/index.php\/wp-json\/wp\/v2\/media?parent=14"}],"curies":[{"name":"wp","href":"https:\/\/api.w.org\/{rel}","templated":true}]}}